


{"id":13,"date":"2025-08-15T07:09:45","date_gmt":"2025-08-15T07:09:45","guid":{"rendered":"https:\/\/umrahdesdeespana.com\/es\/?page_id=13"},"modified":"2025-09-13T11:58:49","modified_gmt":"2025-09-13T11:58:49","slug":"acerca-de","status":"publish","type":"page","link":"https:\/\/umrahdesdeespana.com\/es\/acerca-de\/","title":{"rendered":"Nuestra Vis\u00edon"},"content":{"rendered":"\n<p>La empresa Umrah Desde Espa\u00f1a fue fundada con pasos firmes y una visi\u00f3n ambiciosa para ofrecer servicios de Umrah a musulmanes \u00e1rabes y no \u00e1rabes. A trav\u00e9s de nuestros servicios Paquetes de Umrah Desde Espa\u00f1a, buscamos proporcionar  Viajes de Umrah y una experiencia espiritual completa para los peregrinos, caracterizada por la calidad y atenci\u00f3n a todos los detalles. Nuestro objetivo supremo es ser un puente que una a los musulmanes de todo el mundo en la Casa de Allah, promoviendo as\u00ed los lazos de comunicaci\u00f3n y amor entre los pueblos isl\u00e1micos.<\/p>\n\n\n\n<p>La empresa Umrah Desde Espa\u00f1a se dedica a ofrecer los mejores servicios a los hu\u00e9spedes de Allah, desde los preparativos iniciales hasta el regreso a sus pa\u00edses despu\u00e9s de cumplir con los rituales. Estamos comprometidos a proporcionar viajes c\u00f3modos y seguros que incluyan alojamiento, transporte y orientaci\u00f3n religiosa, contribuyendo as\u00ed a fortalecer el esp\u00edritu de hermandad isl\u00e1mica y mantener la comunicaci\u00f3n entre ellos incluso despu\u00e9s de la finalizaci\u00f3n de los ritos de Umrah. En Umrah Desde Espa\u00f1a, nos esforzamos por hacer que cada viaje de Umrah sea una experiencia \u00fanica y especial que permanezca en la memoria de los peregrinos para toda la vida.<\/p>\n\n\n\n<p><\/p>\n","protected":false},"excerpt":{"rendered":"<p>La empresa Umrah Desde Espa\u00f1a fue fundada con pasos firmes y una visi\u00f3n ambiciosa para ofrecer servicios de Umrah a musulmanes \u00e1rabes y no \u00e1rabes. A trav\u00e9s de nuestros servicios Paquetes de Umrah Desde Espa\u00f1a, buscamos proporcionar Viajes de Umrah y una experiencia espiritual completa para los peregrinos, caracterizada por la calidad y atenci\u00f3n a..<\/p>\n","protected":false},"author":1,"featured_media":68,"parent":0,"menu_order":0,"comment_status":"closed","ping_status":"closed","template":"es\/es.about.php","meta":{"_acf_changed":false,"footnotes":""},"class_list":["post-13","page","type-page","status-publish","has-post-thumbnail","hentry"],"acf":[],"yoast_head":"<!-- This site is optimized with the Yoast SEO plugin v25.7 - https:\/\/yoast.com\/wordpress\/plugins\/seo\/ -->\n<title>Nuestra Vis\u00edon - umrahdesdeespana-es<\/title>\n<meta name=\"description\" content=\"La empresa Umrah Desde Espa\u00f1a fue fundada con pasos firmes y una visi\u00f3n ambiciosa para ofrecer servicios de Umrah a musulmanes \u00e1rabes y no \u00e1rabes. Clique!\" \/>\n<meta name=\"robots\" content=\"index, follow, max-snippet:-1, max-image-preview:large, max-video-preview:-1\" \/>\n<link rel=\"canonical\" href=\"https:\/\/umrahdesdeespana.com\/es\/acerca-de\/\" \/>\n<meta property=\"og:locale\" content=\"en_US\" \/>\n<meta property=\"og:type\" content=\"article\" \/>\n<meta property=\"og:title\" content=\"Nuestra Vis\u00edon - umrahdesdeespana-es\" \/>\n<meta property=\"og:description\" content=\"La empresa Umrah Desde Espa\u00f1a fue fundada con pasos firmes y una visi\u00f3n ambiciosa para ofrecer servicios de Umrah a musulmanes \u00e1rabes y no \u00e1rabes. Clique!\" \/>\n<meta property=\"og:url\" content=\"https:\/\/umrahdesdeespana.com\/es\/acerca-de\/\" \/>\n<meta property=\"og:site_name\" content=\"umrahdesdeespana-es\" \/>\n<meta property=\"article:modified_time\" content=\"2025-09-13T11:58:49+00:00\" \/>\n<meta property=\"og:image\" content=\"https:\/\/umrahdesdeespana.com\/es\/wp-content\/uploads\/sites\/4\/2025\/09\/saudi-arabia-83565_640-Copy.jpg\" \/>\n\t<meta property=\"og:image:width\" content=\"640\" \/>\n\t<meta property=\"og:image:height\" content=\"373\" \/>\n\t<meta property=\"og:image:type\" content=\"image\/jpeg\" \/>\n<meta name=\"twitter:card\" content=\"summary_large_image\" \/>\n<meta name=\"twitter:label1\" content=\"Est. reading time\" \/>\n\t<meta name=\"twitter:data1\" content=\"2 minutes\" \/>\n<script type=\"application\/ld+json\" class=\"yoast-schema-graph\">{\"@context\":\"https:\/\/schema.org\",\"@graph\":[{\"@type\":\"WebPage\",\"@id\":\"https:\/\/umrahdesdeespana.com\/es\/acerca-de\/\",\"url\":\"https:\/\/umrahdesdeespana.com\/es\/acerca-de\/\",\"name\":\"Nuestra Vis\u00edon - umrahdesdeespana-es\",\"isPartOf\":{\"@id\":\"https:\/\/umrahdesdeespana.com\/es\/#website\"},\"primaryImageOfPage\":{\"@id\":\"https:\/\/umrahdesdeespana.com\/es\/acerca-de\/#primaryimage\"},\"image\":{\"@id\":\"https:\/\/umrahdesdeespana.com\/es\/acerca-de\/#primaryimage\"},\"thumbnailUrl\":\"https:\/\/umrahdesdeespana.com\/es\/wp-content\/uploads\/sites\/4\/2025\/09\/saudi-arabia-83565_640-Copy.jpg\",\"datePublished\":\"2025-08-15T07:09:45+00:00\",\"dateModified\":\"2025-09-13T11:58:49+00:00\",\"description\":\"La empresa Umrah Desde Espa\u00f1a fue fundada con pasos firmes y una visi\u00f3n ambiciosa para ofrecer servicios de Umrah a musulmanes \u00e1rabes y no \u00e1rabes. Clique!\",\"breadcrumb\":{\"@id\":\"https:\/\/umrahdesdeespana.com\/es\/acerca-de\/#breadcrumb\"},\"inLanguage\":\"en-US\",\"potentialAction\":[{\"@type\":\"ReadAction\",\"target\":[\"https:\/\/umrahdesdeespana.com\/es\/acerca-de\/\"]}]},{\"@type\":\"ImageObject\",\"inLanguage\":\"en-US\",\"@id\":\"https:\/\/umrahdesdeespana.com\/es\/acerca-de\/#primaryimage\",\"url\":\"https:\/\/umrahdesdeespana.com\/es\/wp-content\/uploads\/sites\/4\/2025\/09\/saudi-arabia-83565_640-Copy.jpg\",\"contentUrl\":\"https:\/\/umrahdesdeespana.com\/es\/wp-content\/uploads\/sites\/4\/2025\/09\/saudi-arabia-83565_640-Copy.jpg\",\"width\":640,\"height\":373},{\"@type\":\"BreadcrumbList\",\"@id\":\"https:\/\/umrahdesdeespana.com\/es\/acerca-de\/#breadcrumb\",\"itemListElement\":[{\"@type\":\"ListItem\",\"position\":1,\"name\":\"Home\",\"item\":\"https:\/\/umrahdesdeespana.com\/es\/\"},{\"@type\":\"ListItem\",\"position\":2,\"name\":\"Nuestra Vis\u00edon\"}]},{\"@type\":\"WebSite\",\"@id\":\"https:\/\/umrahdesdeespana.com\/es\/#website\",\"url\":\"https:\/\/umrahdesdeespana.com\/es\/\",\"name\":\"umrahdesdeespana-es\",\"description\":\"\",\"potentialAction\":[{\"@type\":\"SearchAction\",\"target\":{\"@type\":\"EntryPoint\",\"urlTemplate\":\"https:\/\/umrahdesdeespana.com\/es\/?s={search_term_string}\"},\"query-input\":{\"@type\":\"PropertyValueSpecification\",\"valueRequired\":true,\"valueName\":\"search_term_string\"}}],\"inLanguage\":\"en-US\"}]}<\/script>\n<!-- \/ Yoast SEO plugin. -->","yoast_head_json":{"title":"Nuestra Vis\u00edon - umrahdesdeespana-es","description":"La empresa Umrah Desde Espa\u00f1a fue fundada con pasos firmes y una visi\u00f3n ambiciosa para ofrecer servicios de Umrah a musulmanes \u00e1rabes y no \u00e1rabes. Clique!","robots":{"index":"index","follow":"follow","max-snippet":"max-snippet:-1","max-image-preview":"max-image-preview:large","max-video-preview":"max-video-preview:-1"},"canonical":"https:\/\/umrahdesdeespana.com\/es\/acerca-de\/","og_locale":"en_US","og_type":"article","og_title":"Nuestra Vis\u00edon - umrahdesdeespana-es","og_description":"La empresa Umrah Desde Espa\u00f1a fue fundada con pasos firmes y una visi\u00f3n ambiciosa para ofrecer servicios de Umrah a musulmanes \u00e1rabes y no \u00e1rabes. Clique!","og_url":"https:\/\/umrahdesdeespana.com\/es\/acerca-de\/","og_site_name":"umrahdesdeespana-es","article_modified_time":"2025-09-13T11:58:49+00:00","og_image":[{"width":640,"height":373,"url":"https:\/\/umrahdesdeespana.com\/es\/wp-content\/uploads\/sites\/4\/2025\/09\/saudi-arabia-83565_640-Copy.jpg","type":"image\/jpeg"}],"twitter_card":"summary_large_image","twitter_misc":{"Est. reading time":"2 minutes"},"schema":{"@context":"https:\/\/schema.org","@graph":[{"@type":"WebPage","@id":"https:\/\/umrahdesdeespana.com\/es\/acerca-de\/","url":"https:\/\/umrahdesdeespana.com\/es\/acerca-de\/","name":"Nuestra Vis\u00edon - umrahdesdeespana-es","isPartOf":{"@id":"https:\/\/umrahdesdeespana.com\/es\/#website"},"primaryImageOfPage":{"@id":"https:\/\/umrahdesdeespana.com\/es\/acerca-de\/#primaryimage"},"image":{"@id":"https:\/\/umrahdesdeespana.com\/es\/acerca-de\/#primaryimage"},"thumbnailUrl":"https:\/\/umrahdesdeespana.com\/es\/wp-content\/uploads\/sites\/4\/2025\/09\/saudi-arabia-83565_640-Copy.jpg","datePublished":"2025-08-15T07:09:45+00:00","dateModified":"2025-09-13T11:58:49+00:00","description":"La empresa Umrah Desde Espa\u00f1a fue fundada con pasos firmes y una visi\u00f3n ambiciosa para ofrecer servicios de Umrah a musulmanes \u00e1rabes y no \u00e1rabes. Clique!","breadcrumb":{"@id":"https:\/\/umrahdesdeespana.com\/es\/acerca-de\/#breadcrumb"},"inLanguage":"en-US","potentialAction":[{"@type":"ReadAction","target":["https:\/\/umrahdesdeespana.com\/es\/acerca-de\/"]}]},{"@type":"ImageObject","inLanguage":"en-US","@id":"https:\/\/umrahdesdeespana.com\/es\/acerca-de\/#primaryimage","url":"https:\/\/umrahdesdeespana.com\/es\/wp-content\/uploads\/sites\/4\/2025\/09\/saudi-arabia-83565_640-Copy.jpg","contentUrl":"https:\/\/umrahdesdeespana.com\/es\/wp-content\/uploads\/sites\/4\/2025\/09\/saudi-arabia-83565_640-Copy.jpg","width":640,"height":373},{"@type":"BreadcrumbList","@id":"https:\/\/umrahdesdeespana.com\/es\/acerca-de\/#breadcrumb","itemListElement":[{"@type":"ListItem","position":1,"name":"Home","item":"https:\/\/umrahdesdeespana.com\/es\/"},{"@type":"ListItem","position":2,"name":"Nuestra Vis\u00edon"}]},{"@type":"WebSite","@id":"https:\/\/umrahdesdeespana.com\/es\/#website","url":"https:\/\/umrahdesdeespana.com\/es\/","name":"umrahdesdeespana-es","description":"","potentialAction":[{"@type":"SearchAction","target":{"@type":"EntryPoint","urlTemplate":"https:\/\/umrahdesdeespana.com\/es\/?s={search_term_string}"},"query-input":{"@type":"PropertyValueSpecification","valueRequired":true,"valueName":"search_term_string"}}],"inLanguage":"en-US"}]}},"_links":{"self":[{"href":"https:\/\/umrahdesdeespana.com\/es\/wp-json\/wp\/v2\/pages\/13","targetHints":{"allow":["GET"]}}],"collection":[{"href":"https:\/\/umrahdesdeespana.com\/es\/wp-json\/wp\/v2\/pages"}],"about":[{"href":"https:\/\/umrahdesdeespana.com\/es\/wp-json\/wp\/v2\/types\/page"}],"author":[{"embeddable":true,"href":"https:\/\/umrahdesdeespana.com\/es\/wp-json\/wp\/v2\/users\/1"}],"replies":[{"embeddable":true,"href":"https:\/\/umrahdesdeespana.com\/es\/wp-json\/wp\/v2\/comments?post=13"}],"version-history":[{"count":4,"href":"https:\/\/umrahdesdeespana.com\/es\/wp-json\/wp\/v2\/pages\/13\/revisions"}],"predecessor-version":[{"id":96,"href":"https:\/\/umrahdesdeespana.com\/es\/wp-json\/wp\/v2\/pages\/13\/revisions\/96"}],"wp:featuredmedia":[{"embeddable":true,"href":"https:\/\/umrahdesdeespana.com\/es\/wp-json\/wp\/v2\/media\/68"}],"wp:attachment":[{"href":"https:\/\/umrahdesdeespana.com\/es\/wp-json\/wp\/v2\/media?parent=13"}],"curies":[{"name":"wp","href":"https:\/\/api.w.org\/{rel}","templated":true}]}}